{"id":1051,"date":"2023-06-30T21:08:53","date_gmt":"2023-06-30T19:08:53","guid":{"rendered":"http:\/\/neu.local\/press\/"},"modified":"2023-06-30T21:42:30","modified_gmt":"2023-06-30T19:42:30","slug":"press","status":"publish","type":"page","link":"https:\/\/nadiakayatarchitects.com\/en\/press\/","title":{"rendered":"Press"},"content":{"rendered":"<h2>Yoo Berlin<\/h2>\n<p><a href=\"https:\/\/www.wsj.com\/articles\/europe-house-of-the-day-glamorous-berlin-penthouse-photos-1424951321\">Wall Street Journal: &#8220;Glamorous Berlin Penthouse <i class=\"fas fa-external-link-alt\"><\/i><\/a><\/p>\n<p><a href=\"https:\/\/www.morgenpost.de\/printarchiv\/immobilien\/article136971616\/Ein-Reich-fuer-Millionaere.html\">Berliner Morgenpost: &#8220;Ein Reich f\u00fcr Million\u00e4re&#8221; <i class=\"fas fa-external-link-alt\"><\/i><\/a><\/p>\n<p><a href=\"https:\/\/www.welt.de\/finanzen\/immobilien\/article139430223\/Hier-wollen-die-Milliardaere-dieser-Welt-wohnen.html\">Welt: &#8220;Hier wollen die Milliard\u00e4re dieser Welt wohnen&#8221; <i class=\"fas fa-external-link-alt\"><\/i><\/a><\/p>\n<p><a href=\"https:\/\/www.bz-berlin.de\/berlin\/mitte\/das-ist-berlins-teuerstes-apartment\">BZ Berlin: &#8220;Das ist Berlins teuerstes Apartment&#8221; <i class=\"fas fa-external-link-alt\"><\/i><\/a><\/p>\n<p><a href=\"https:\/\/www.tagesspiegel.de\/berlin\/deutschands-teuerste-wohnung-ein-quadratmeter-an-der-spree-fuer-25-000-euro\/11075634.html\">Tagesspiegel \u2014 &#8220;Deutschlands teuerste Wohnung: Ein Quadratmeter an der Spree&#8221; <i class=\"fas fa-external-link-alt\"><\/i><\/a><\/p>\n<h2><\/h2>\n<h2>Hotel Amano Grand Central<\/h2>\n<p><a href=\"https:\/\/www.bz-berlin.de\/berlin\/berlin-kriegt-eine-neue-riesen-dachterrasse\">BZ Berlin: Hotel-Boom &#8220;Berlin kriegt eine neue Riesen-Dachterrasse in Mitte!&#8221; <i class=\"fas fa-external-link-alt\"><\/i><\/a><\/p>\n<p><a href=\"https:\/\/www.afa-architekturmagazin.de\/hotel-amano-grand-central\/\">AFA Architektur Magazin: Hotel Amano Grand Central <i class=\"fas fa-external-link-alt\"><\/i><\/a><\/p>\n<p><a href=\"https:\/\/www.arcguide.de\/themen\/hotelneubau-mit-attraktivem-grossstadtflair\/\">arcguide+: Hotelneubau mit Gro\u00dfstadtflair <i class=\"fas fa-external-link-alt\"><\/i><\/a><\/p>\n<p>https:\/\/sn-home.de\/artikel.php?record_id=58841&amp;dbname=Referenz gleicher Artikel<br \/>\nhttps:\/\/www.uzin.de\/detail\/referenz\/25-hotelneubau-mit-attraktivem-grossstadtflair\/<\/p>\n<p><a href=\"https:\/\/www.nikos-weinwelten.de\/beitrag\/markt_business_hotel_news\/\">Gourmetwelten: Hotel News <i class=\"fas fa-external-link-alt\"><\/i><\/a><\/p>\n<p><a href=\"https:\/\/www.qiez.de\/auf-der-baustelle-des-neuen-amano-hotel-am-hauptbahnhof-berlin\/\">Qiez: Neues Amano-Hotel am Hauptbahnhof vorgestellt <i class=\"fas fa-external-link-alt\"><\/i><\/a><\/p>\n<p><a href=\"https:\/\/www.holzmann-medien.de\/wp-content\/uploads\/2018\/07\/Topflooring_2016.pdf\">Holzmann Medien<\/a><\/p>\n<p><a href=\"https:\/\/www.bba-online.de\/fachthemen\/innenausbau\/exquisit-in-schwarz-weiss\/\">bba: Neubau eines Hotels in Berlin-Mitte: Exquisit in Schwarz-Wei\u00df <i class=\"fas fa-external-link-alt\"><\/i><\/a><\/p>\n<p><a href=\"https:\/\/www.wallpaper.com\/travel\/germany\/berlin\/hotels\/hotel-amano-grand-central\">Wallpaper*: Hotel Amano Grand Central \u2014 Berlin, Germany <i class=\"fas fa-external-link-alt\"><\/i><\/a><\/p>\n<h2><\/h2>\n<h2>Embassy<\/h2>\n<p><a href=\"https:\/\/www.oneimmo.de\/wp-content\/uploads\/2019\/09\/DE_digital_190220_RZ_AARE_KP_EMBASSY_Broschuere_hw_08.pdf\">Embassy: &#8220;Wohnen am k\u00f6llnischen Park&#8221; <i class=\"fas fa-external-link-alt\"><\/i><\/a><\/p>\n<p><a href=\"https:\/\/www.embassy-berlin.com\/architektur\/\">Embassy Berlin: ZEITGEM\u00c4SSE ARCHITEKTUR<br \/>\nELEGANTES INTERIEUR <i class=\"fas fa-external-link-alt\"><\/i><\/a><\/p>\n<p><a href=\"https:\/\/www.wsj.com\/articles\/europe-house-of-the-day-glamorous-berlin-penthouse-photos-1424951321\">Glamorous Berlin Penthouse <i class=\"fas fa-external-link-alt\"><\/i><\/a><\/p>\n<p><a href=\"https:\/\/www.wsj.com\/articles\/europe-house-of-the-day-glamorous-berlin-penthouse-photos-1424951321\">Glamorous Berlin Penthouse <i class=\"fas fa-external-link-alt\"><\/i><\/a><\/p>\n","protected":false},"excerpt":{"rendered":"<p>Yoo Berlin Wall Street Journal: &#8220;Glamorous Berlin Penthouse Berliner Morgenpost: &#8220;Ein Reich f\u00fcr Million\u00e4re&#8221; Welt: &#8220;Hier wollen die Milliard\u00e4re dieser Welt wohnen&#8221; BZ Berlin: &#8220;Das ist Berlins teuerstes Apartment&#8221; Tagesspiegel \u2014 &#8220;Deutschlands teuerste Wohnung: Ein Quadratmeter an der Spree&#8221; Hotel Amano Grand Central BZ Berlin: Hotel-Boom &#8220;Berlin kriegt eine neue Riesen-Dachterrasse in Mitte!&#8221; AFA Architektur [&hellip;]<\/p>\n","protected":false},"author":1,"featured_media":0,"parent":0,"menu_order":0,"comment_status":"closed","ping_status":"closed","template":"","meta":{"_vp_format_video_url":"","_vp_image_focal_point":[]},"yoast_head":"<!-- This site is optimized with the Yoast SEO plugin v15.6.2 - https:\/\/yoast.com\/wordpress\/plugins\/seo\/ -->\n<title>Nadia Kayat Architects &ndash; Press<\/title>\n<meta name=\"robots\" content=\"index, follow, max-snippet:-1, max-image-preview:large, max-video-preview:-1\" \/>\n<link rel=\"canonical\" href=\"https:\/\/nadiakayatarchitects.com\/en\/press\/\" \/>\n<meta property=\"og:locale\" content=\"en_US\" \/>\n<meta property=\"og:type\" content=\"article\" \/>\n<meta property=\"og:title\" content=\"Nadia Kayat Architects &ndash; Press\" \/>\n<meta property=\"og:description\" content=\"Yoo Berlin Wall Street Journal: &#8220;Glamorous Berlin Penthouse Berliner Morgenpost: &#8220;Ein Reich f\u00fcr Million\u00e4re&#8221; Welt: &#8220;Hier wollen die Milliard\u00e4re dieser Welt wohnen&#8221; BZ Berlin: &#8220;Das ist Berlins teuerstes Apartment&#8221; Tagesspiegel \u2014 &#8220;Deutschlands teuerste Wohnung: Ein Quadratmeter an der Spree&#8221; Hotel Amano Grand Central BZ Berlin: Hotel-Boom &#8220;Berlin kriegt eine neue Riesen-Dachterrasse in Mitte!&#8221; AFA Architektur [&hellip;]\" \/>\n<meta property=\"og:url\" content=\"https:\/\/nadiakayatarchitects.com\/en\/press\/\" \/>\n<meta property=\"og:site_name\" content=\"Nadia Kayat Architects\" \/>\n<meta property=\"article:modified_time\" content=\"2023-06-30T19:42:30+00:00\" \/>\n<meta name=\"twitter:card\" content=\"summary_large_image\" \/>\n<meta name=\"twitter:label1\" content=\"Est. reading time\">\n\t<meta name=\"twitter:data1\" content=\"1 minute\">\n<script type=\"application\/ld+json\" class=\"yoast-schema-graph\">{\"@context\":\"https:\/\/schema.org\",\"@graph\":[{\"@type\":\"Organization\",\"@id\":\"https:\/\/nadiakayatarchitects.com\/#organization\",\"name\":\"Nadia Kayat Architects\",\"url\":\"https:\/\/nadiakayatarchitects.com\/\",\"sameAs\":[],\"logo\":{\"@type\":\"ImageObject\",\"@id\":\"https:\/\/nadiakayatarchitects.com\/#logo\",\"inLanguage\":\"en-US\",\"url\":\"https:\/\/nadiakayatarchitects.com\/wp-content\/uploads\/nadia-kayat-architects-logo.png\",\"width\":400,\"height\":359,\"caption\":\"Nadia Kayat Architects\"},\"image\":{\"@id\":\"https:\/\/nadiakayatarchitects.com\/#logo\"}},{\"@type\":\"WebSite\",\"@id\":\"https:\/\/nadiakayatarchitects.com\/#website\",\"url\":\"https:\/\/nadiakayatarchitects.com\/\",\"name\":\"Nadia Kayat Architects\",\"description\":\"Architektur - Interior Design - Lichtdesign\",\"publisher\":{\"@id\":\"https:\/\/nadiakayatarchitects.com\/#organization\"},\"potentialAction\":[{\"@type\":\"SearchAction\",\"target\":\"https:\/\/nadiakayatarchitects.com\/?s={search_term_string}\",\"query-input\":\"required name=search_term_string\"}],\"inLanguage\":\"en-US\"},{\"@type\":\"WebPage\",\"@id\":\"https:\/\/nadiakayatarchitects.com\/en\/press\/#webpage\",\"url\":\"https:\/\/nadiakayatarchitects.com\/en\/press\/\",\"name\":\"Nadia Kayat Architects &ndash; Press\",\"isPartOf\":{\"@id\":\"https:\/\/nadiakayatarchitects.com\/#website\"},\"datePublished\":\"2023-06-30T19:08:53+00:00\",\"dateModified\":\"2023-06-30T19:42:30+00:00\",\"inLanguage\":\"en-US\",\"potentialAction\":[{\"@type\":\"ReadAction\",\"target\":[\"https:\/\/nadiakayatarchitects.com\/en\/press\/\"]}]}]}<\/script>\n<!-- \/ Yoast SEO plugin. -->","_links":{"self":[{"href":"https:\/\/nadiakayatarchitects.com\/en\/wp-json\/wp\/v2\/pages\/1051"}],"collection":[{"href":"https:\/\/nadiakayatarchitects.com\/en\/wp-json\/wp\/v2\/pages"}],"about":[{"href":"https:\/\/nadiakayatarchitects.com\/en\/wp-json\/wp\/v2\/types\/page"}],"author":[{"embeddable":true,"href":"https:\/\/nadiakayatarchitects.com\/en\/wp-json\/wp\/v2\/users\/1"}],"replies":[{"embeddable":true,"href":"https:\/\/nadiakayatarchitects.com\/en\/wp-json\/wp\/v2\/comments?post=1051"}],"version-history":[{"count":3,"href":"https:\/\/nadiakayatarchitects.com\/en\/wp-json\/wp\/v2\/pages\/1051\/revisions"}],"predecessor-version":[{"id":1063,"href":"https:\/\/nadiakayatarchitects.com\/en\/wp-json\/wp\/v2\/pages\/1051\/revisions\/1063"}],"wp:attachment":[{"href":"https:\/\/nadiakayatarchitects.com\/en\/wp-json\/wp\/v2\/media?parent=1051"}],"curies":[{"name":"wp","href":"https:\/\/api.w.org\/{rel}","templated":true}]}}